{"id":1582,"date":"2022-05-26T14:43:36","date_gmt":"2022-05-26T14:43:36","guid":{"rendered":"https:\/\/www.ucot.com.uy\/?page_id=1582"},"modified":"2022-05-28T23:24:36","modified_gmt":"2022-05-28T23:24:36","slug":"locales-de-venta","status":"publish","type":"page","link":"https:\/\/www.ucot.com.uy\/index.php\/locales-de-venta\/","title":{"rendered":"Locales de Venta"},"content":{"rendered":"\t\t<div data-elementor-type=\"wp-page\" data-elementor-id=\"1582\" class=\"elementor elementor-1582\">\n\t\t\t\t\t\t<section class=\"elementor-section elementor-top-section elementor-element elementor-element-e08dc90 elementor-section-boxed elementor-section-height-default elementor-section-height-default\" data-id=\"e08dc90\" data-element_type=\"section\" data-e-type=\"section\">\n\t\t\t\t\t\t<div class=\"elementor-container elementor-column-gap-default\">\n\t\t\t\t\t<div class=\"elementor-column elementor-col-100 elementor-top-column elementor-element elementor-element-63c7368\" data-id=\"63c7368\" data-element_type=\"column\" data-e-type=\"column\">\n\t\t\t<div class=\"elementor-widget-wrap elementor-element-populated\">\n\t\t\t\t\t\t<div class=\"elementor-element elementor-element-9c4c8a4 elementor-widget elementor-widget-heading\" data-id=\"9c4c8a4\" data-element_type=\"widget\" data-e-type=\"widget\" data-widget_type=\"heading.default\">\n\t\t\t\t<div class=\"elementor-widget-container\">\n\t\t\t\t\t<h2 class=\"elementor-heading-title elementor-size-default\">LOCALES DE VENTA<\/h2>\t\t\t\t<\/div>\n\t\t\t\t<\/div>\n\t\t\t\t<div class=\"elementor-element elementor-element-e9ff58d elementor-widget elementor-widget-text-editor\" data-id=\"e9ff58d\" data-element_type=\"widget\" data-e-type=\"widget\" data-widget_type=\"text-editor.default\">\n\t\t\t\t<div class=\"elementor-widget-container\">\n\t\t\t\t\t\t\t\t\t<h2><strong>Oficinas de COETC<\/strong><\/h2><ul><li>8 de octubre 3462<\/li><li>Lunes a Viernes de 8:00 a 18:15<\/li><li>S\u00e1bados de 8:00 a 13:15<\/li><li>Venta de Boletos categor\u00edas A-B<\/li><li>Confecci\u00f3n de boleteras<\/li><li>Entrega de Boletos Gratis<\/li><\/ul>\t\t\t\t\t\t\t\t<\/div>\n\t\t\t\t<\/div>\n\t\t\t\t\t<\/div>\n\t\t<\/div>\n\t\t\t\t\t<\/div>\n\t\t<\/section>\n\t\t\t\t<section class=\"elementor-section elementor-top-section elementor-element elementor-element-ed9060f elementor-section-boxed elementor-section-height-default elementor-section-height-default\" data-id=\"ed9060f\" data-element_type=\"section\" data-e-type=\"section\">\n\t\t\t\t\t\t<div class=\"elementor-container elementor-column-gap-default\">\n\t\t\t\t\t<div class=\"elementor-column elementor-col-100 elementor-top-column elementor-element elementor-element-ab30487\" data-id=\"ab30487\" data-element_type=\"column\" data-e-type=\"column\">\n\t\t\t<div class=\"elementor-widget-wrap elementor-element-populated\">\n\t\t\t\t\t\t<div class=\"elementor-element elementor-element-8d01ef9 elementor-widget elementor-widget-text-editor\" data-id=\"8d01ef9\" data-element_type=\"widget\" data-e-type=\"widget\" data-widget_type=\"text-editor.default\">\n\t\t\t\t<div class=\"elementor-widget-container\">\n\t\t\t\t\t\t\t\t\t<h2><strong>Galer\u00eda <b>&#8216;<\/b>Montecarlo<b>&#8216;<\/b> Local 25<\/strong><\/h2><ul><li>18 de Julio esquina Eduardo Acevedo<\/li><li>Lunes a Viernes de 8:00 a 18:15<\/li><li>S\u00e1bados de 8:00 a 13:00<\/li><li>Venta de Boletos categor\u00edas A-B<\/li><li>Confecci\u00f3n de boleteras<\/li><li>Entrega de Boletos Gratis<\/li><\/ul>\t\t\t\t\t\t\t\t<\/div>\n\t\t\t\t<\/div>\n\t\t\t\t\t<\/div>\n\t\t<\/div>\n\t\t\t\t\t<\/div>\n\t\t<\/section>\n\t\t\t\t<section class=\"elementor-section elementor-top-section elementor-element elementor-element-255a25e elementor-section-boxed elementor-section-height-default elementor-section-height-default\" data-id=\"255a25e\" data-element_type=\"section\" data-e-type=\"section\">\n\t\t\t\t\t\t<div class=\"elementor-container elementor-column-gap-default\">\n\t\t\t\t\t<div class=\"elementor-column elementor-col-100 elementor-top-column elementor-element elementor-element-6c7e3bc\" data-id=\"6c7e3bc\" data-element_type=\"column\" data-e-type=\"column\">\n\t\t\t<div class=\"elementor-widget-wrap elementor-element-populated\">\n\t\t\t\t\t\t<div class=\"elementor-element elementor-element-6486bc5 elementor-widget elementor-widget-text-editor\" data-id=\"6486bc5\" data-element_type=\"widget\" data-e-type=\"widget\" data-widget_type=\"text-editor.default\">\n\t\t\t\t<div class=\"elementor-widget-container\">\n\t\t\t\t\t\t\t\t\t<h2><strong>Estaci\u00f3n Goes<\/strong><\/h2><ul><li>General Flores y Domingo Arambur\u00fa<\/li><li>Lunes a Viernes de 8:00 a 18:15<\/li><li>S\u00e1bados de 8:00 a 13:15<\/li><li>Venta de Boletos categor\u00edas A-B<\/li><li>Confecci\u00f3n de boleteras<\/li><li>Entrega de Boletos Gratis<\/li><li>Boletos Pasivos<\/li><li>Boletos Institucional<\/li><li>Pases Organismos<\/li><li>Boletos de Organismos<\/li><li>Programas Especiales<\/li><li>Pases Libres Jubilados del Transporte<\/li><\/ul>\t\t\t\t\t\t\t\t<\/div>\n\t\t\t\t<\/div>\n\t\t\t\t\t<\/div>\n\t\t<\/div>\n\t\t\t\t\t<\/div>\n\t\t<\/section>\n\t\t\t\t<section class=\"elementor-section elementor-top-section elementor-element elementor-element-e23d133 elementor-section-boxed elementor-section-height-default elementor-section-height-default\" data-id=\"e23d133\" data-element_type=\"section\" data-e-type=\"section\">\n\t\t\t\t\t\t<div class=\"elementor-container elementor-column-gap-default\">\n\t\t\t\t\t<div class=\"elementor-column elementor-col-100 elementor-top-column elementor-element elementor-element-f00b506\" data-id=\"f00b506\" data-element_type=\"column\" data-e-type=\"column\">\n\t\t\t<div class=\"elementor-widget-wrap elementor-element-populated\">\n\t\t\t\t\t\t<div class=\"elementor-element elementor-element-37e4204 elementor-widget elementor-widget-text-editor\" data-id=\"37e4204\" data-element_type=\"widget\" data-e-type=\"widget\" data-widget_type=\"text-editor.default\">\n\t\t\t\t<div class=\"elementor-widget-container\">\n\t\t\t\t\t\t\t\t\t<h2><strong>Portones Shopping<\/strong><\/h2><ul><li>\u00c1rea de Servicios Local 002<\/li><li>Lunes a Domingos de 8:00 a 22:00<\/li><li>Venta de Boletos categor\u00edas A-B<\/li><li>Confecci\u00f3n de boleteras<\/li><li>Venta de abonos RAINCOOP<\/li><li>Entrega de Boletos Gratis<\/li><\/ul>\t\t\t\t\t\t\t\t<\/div>\n\t\t\t\t<\/div>\n\t\t\t\t\t<\/div>\n\t\t<\/div>\n\t\t\t\t\t<\/div>\n\t\t<\/section>\n\t\t\t\t<section class=\"elementor-section elementor-top-section elementor-element elementor-element-ad22948 elementor-section-boxed elementor-section-height-default elementor-section-height-default\" data-id=\"ad22948\" data-element_type=\"section\" data-e-type=\"section\">\n\t\t\t\t\t\t<div class=\"elementor-container elementor-column-gap-default\">\n\t\t\t\t\t<div class=\"elementor-column elementor-col-100 elementor-top-column elementor-element elementor-element-fdc4e13\" data-id=\"fdc4e13\" data-element_type=\"column\" data-e-type=\"column\">\n\t\t\t<div class=\"elementor-widget-wrap elementor-element-populated\">\n\t\t\t\t\t\t<div class=\"elementor-element elementor-element-b8361bd elementor-widget elementor-widget-text-editor\" data-id=\"b8361bd\" data-element_type=\"widget\" data-e-type=\"widget\" data-widget_type=\"text-editor.default\">\n\t\t\t\t<div class=\"elementor-widget-container\">\n\t\t\t\t\t\t\t\t\t<h2><strong>Buceo<\/strong><\/h2><ul><li>Rivera casi Propios<\/li><li>Lunes a Viernes de 8:00 a 20:00<\/li><li>Venta de Boletos categor\u00edas A-B<\/li><li>Confecci\u00f3n de boleteras<\/li><li>Entrega de Boletos Gratis<\/li><\/ul>\t\t\t\t\t\t\t\t<\/div>\n\t\t\t\t<\/div>\n\t\t\t\t\t<\/div>\n\t\t<\/div>\n\t\t\t\t\t<\/div>\n\t\t<\/section>\n\t\t\t\t<section class=\"elementor-section elementor-top-section elementor-element elementor-element-0c85c66 elementor-section-boxed elementor-section-height-default elementor-section-height-default\" data-id=\"0c85c66\" data-element_type=\"section\" data-e-type=\"section\">\n\t\t\t\t\t\t<div class=\"elementor-container elementor-column-gap-default\">\n\t\t\t\t\t<div class=\"elementor-column elementor-col-100 elementor-top-column elementor-element elementor-element-e51168a\" data-id=\"e51168a\" data-element_type=\"column\" data-e-type=\"column\">\n\t\t\t<div class=\"elementor-widget-wrap elementor-element-populated\">\n\t\t\t\t\t\t<div class=\"elementor-element elementor-element-fd107c2 elementor-widget elementor-widget-text-editor\" data-id=\"fd107c2\" data-element_type=\"widget\" data-e-type=\"widget\" data-widget_type=\"text-editor.default\">\n\t\t\t\t<div class=\"elementor-widget-container\">\n\t\t\t\t\t\t\t\t\t<h2><strong>La Teja<\/strong><\/h2><ul><li>C. Mar\u00eda Ram\u00edrez 574<\/li><li>Lunes a S\u00e1bados de 8:00 a 21:00<\/li><li>Domingos de 9:30 a 17:00<\/li><li>Venta de Boletos categor\u00edas A-B<\/li><li>Confecci\u00f3n de boleteras<\/li><li>Entrega de Boletos Gratis<\/li><\/ul>\t\t\t\t\t\t\t\t<\/div>\n\t\t\t\t<\/div>\n\t\t\t\t\t<\/div>\n\t\t<\/div>\n\t\t\t\t\t<\/div>\n\t\t<\/section>\n\t\t\t\t<section class=\"elementor-section elementor-top-section elementor-element elementor-element-64dd88d elementor-section-boxed elementor-section-height-default elementor-section-height-default\" data-id=\"64dd88d\" data-element_type=\"section\" data-e-type=\"section\">\n\t\t\t\t\t\t<div class=\"elementor-container elementor-column-gap-default\">\n\t\t\t\t\t<div class=\"elementor-column elementor-col-100 elementor-top-column elementor-element elementor-element-39e76d5\" data-id=\"39e76d5\" data-element_type=\"column\" data-e-type=\"column\">\n\t\t\t<div class=\"elementor-widget-wrap elementor-element-populated\">\n\t\t\t\t\t\t<div class=\"elementor-element elementor-element-83e43db elementor-widget elementor-widget-text-editor\" data-id=\"83e43db\" data-element_type=\"widget\" data-e-type=\"widget\" data-widget_type=\"text-editor.default\">\n\t\t\t\t<div class=\"elementor-widget-container\">\n\t\t\t\t\t\t\t\t\t<h2><strong>Paso de la Arena<\/strong><\/h2><ul><li>L. Battle Berres 6149 Loc. 003<\/li><li>Lunes a S\u00e1bados de 8:00 a 21:00<\/li><li>Domingos de 9:30 a 17:00<\/li><li>Venta de Boletos categor\u00edas A-B<\/li><li>Confecci\u00f3n de boleteras<\/li><li>Venta abonos de SOLFY<\/li><li>Entrega de Boletos Gratis<\/li><\/ul>\t\t\t\t\t\t\t\t<\/div>\n\t\t\t\t<\/div>\n\t\t\t\t\t<\/div>\n\t\t<\/div>\n\t\t\t\t\t<\/div>\n\t\t<\/section>\n\t\t\t\t<section class=\"elementor-section elementor-top-section elementor-element elementor-element-41649ba elementor-section-boxed elementor-section-height-default elementor-section-height-default\" data-id=\"41649ba\" data-element_type=\"section\" data-e-type=\"section\">\n\t\t\t\t\t\t<div class=\"elementor-container elementor-column-gap-default\">\n\t\t\t\t\t<div class=\"elementor-column elementor-col-100 elementor-top-column elementor-element elementor-element-92c6858\" data-id=\"92c6858\" data-element_type=\"column\" data-e-type=\"column\">\n\t\t\t<div class=\"elementor-widget-wrap elementor-element-populated\">\n\t\t\t\t\t\t<div class=\"elementor-element elementor-element-2e7d0bf elementor-widget elementor-widget-text-editor\" data-id=\"2e7d0bf\" data-element_type=\"widget\" data-e-type=\"widget\" data-widget_type=\"text-editor.default\">\n\t\t\t\t<div class=\"elementor-widget-container\">\n\t\t\t\t\t\t\t\t\t<h2><strong>Paso Molino<\/strong><\/h2><ul><li>Agraciada 4141 Loc. 092<\/li><li>Lunes a S\u00e1bados de 8:00 a 19:00<\/li><li>Domingos de 8:00 a 14:00<\/li><li>Venta de Boletos categor\u00edas A-B<\/li><li>Confecci\u00f3n de boleteras<\/li><li>Venta de abonos de SOLFY<\/li><li>Entrega de Boletos Gratis<\/li><\/ul>\t\t\t\t\t\t\t\t<\/div>\n\t\t\t\t<\/div>\n\t\t\t\t\t<\/div>\n\t\t<\/div>\n\t\t\t\t\t<\/div>\n\t\t<\/section>\n\t\t\t\t<section class=\"elementor-section elementor-top-section elementor-element elementor-element-6dc4733 elementor-section-boxed elementor-section-height-default elementor-section-height-default\" data-id=\"6dc4733\" data-element_type=\"section\" data-e-type=\"section\">\n\t\t\t\t\t\t<div class=\"elementor-container elementor-column-gap-default\">\n\t\t\t\t\t<div class=\"elementor-column elementor-col-100 elementor-top-column elementor-element elementor-element-9c54317\" data-id=\"9c54317\" data-element_type=\"column\" data-e-type=\"column\">\n\t\t\t<div class=\"elementor-widget-wrap elementor-element-populated\">\n\t\t\t\t\t\t<div class=\"elementor-element elementor-element-8b5376f elementor-widget elementor-widget-text-editor\" data-id=\"8b5376f\" data-element_type=\"widget\" data-e-type=\"widget\" data-widget_type=\"text-editor.default\">\n\t\t\t\t<div class=\"elementor-widget-container\">\n\t\t\t\t\t\t\t\t\t<h2><strong>Piedras Blancas<\/strong><\/h2><ul><li>Jos\u00e9 Belloni 4243<\/li><li>Lunes a S\u00e1bados de 8:00 a 19:00<\/li><li>Domingos de 8:00 a 14:00<\/li><li>Venta de Boletos categor\u00edas A-B<\/li><li>Confecci\u00f3n de boleteras<\/li><li>Entrega de Boletos Gratis<\/li><\/ul>\t\t\t\t\t\t\t\t<\/div>\n\t\t\t\t<\/div>\n\t\t\t\t\t<\/div>\n\t\t<\/div>\n\t\t\t\t\t<\/div>\n\t\t<\/section>\n\t\t\t\t<section class=\"elementor-section elementor-top-section elementor-element elementor-element-62b513a elementor-section-boxed elementor-section-height-default elementor-section-height-default\" data-id=\"62b513a\" data-element_type=\"section\" data-e-type=\"section\">\n\t\t\t\t\t\t<div class=\"elementor-container elementor-column-gap-default\">\n\t\t\t\t\t<div class=\"elementor-column elementor-col-100 elementor-top-column elementor-element elementor-element-c269013\" data-id=\"c269013\" data-element_type=\"column\" data-e-type=\"column\">\n\t\t\t<div class=\"elementor-widget-wrap elementor-element-populated\">\n\t\t\t\t\t\t<div class=\"elementor-element elementor-element-d9df52f elementor-widget elementor-widget-text-editor\" data-id=\"d9df52f\" data-element_type=\"widget\" data-e-type=\"widget\" data-widget_type=\"text-editor.default\">\n\t\t\t\t<div class=\"elementor-widget-container\">\n\t\t\t\t\t\t\t\t\t<h2><strong>Pocitos<\/strong><\/h2><ul><li>Ellauri 969 esq. 26 de Marzo<\/li><li>Lunes a Viernes de 8:00 a 20:00<\/li><li>S\u00e1bados de 8:00 a 14:00<\/li><li>Venta de Boletos categor\u00edas A-B<\/li><li>Boleteras retiradas (REINTEGRO DE ESTAS)<\/li><li>Confecci\u00f3n de boleteras<\/li><li>Entrega de Boletos Gratis<\/li><\/ul>\t\t\t\t\t\t\t\t<\/div>\n\t\t\t\t<\/div>\n\t\t\t\t\t<\/div>\n\t\t<\/div>\n\t\t\t\t\t<\/div>\n\t\t<\/section>\n\t\t\t\t<section class=\"elementor-section elementor-top-section elementor-element elementor-element-71ed411 elementor-section-boxed elementor-section-height-default elementor-section-height-default\" data-id=\"71ed411\" data-element_type=\"section\" data-e-type=\"section\">\n\t\t\t\t\t\t<div class=\"elementor-container elementor-column-gap-default\">\n\t\t\t\t\t<div class=\"elementor-column elementor-col-100 elementor-top-column elementor-element elementor-element-c592052\" data-id=\"c592052\" data-element_type=\"column\" data-e-type=\"column\">\n\t\t\t<div class=\"elementor-widget-wrap elementor-element-populated\">\n\t\t\t\t\t\t<div class=\"elementor-element elementor-element-df5d10d elementor-widget elementor-widget-text-editor\" data-id=\"df5d10d\" data-element_type=\"widget\" data-e-type=\"widget\" data-widget_type=\"text-editor.default\">\n\t\t\t\t<div class=\"elementor-widget-container\">\n\t\t\t\t\t\t\t\t\t<h2><strong>Pto. de Rieles<\/strong><\/h2><ul><li>Cno. Maldonado 6803<\/li><li>Lunes a S\u00e1bados de 7:30 a 21:00<\/li><li>Domingos de 9:30 a 17:00<\/li><li>Venta de Boletos categor\u00edas A-B<\/li><li>Confecci\u00f3n de boleteras<\/li><li>Entrega de Boletos Gratis<\/li><\/ul>\t\t\t\t\t\t\t\t<\/div>\n\t\t\t\t<\/div>\n\t\t\t\t\t<\/div>\n\t\t<\/div>\n\t\t\t\t\t<\/div>\n\t\t<\/section>\n\t\t\t\t<section class=\"elementor-section elementor-top-section elementor-element elementor-element-78dc843 elementor-section-boxed elementor-section-height-default elementor-section-height-default\" data-id=\"78dc843\" data-element_type=\"section\" data-e-type=\"section\">\n\t\t\t\t\t\t<div class=\"elementor-container elementor-column-gap-default\">\n\t\t\t\t\t<div class=\"elementor-column elementor-col-100 elementor-top-column elementor-element elementor-element-ccdc01d\" data-id=\"ccdc01d\" data-element_type=\"column\" data-e-type=\"column\">\n\t\t\t<div class=\"elementor-widget-wrap elementor-element-populated\">\n\t\t\t\t\t\t<div class=\"elementor-element elementor-element-f70427f elementor-widget elementor-widget-text-editor\" data-id=\"f70427f\" data-element_type=\"widget\" data-e-type=\"widget\" data-widget_type=\"text-editor.default\">\n\t\t\t\t<div class=\"elementor-widget-container\">\n\t\t\t\t\t\t\t\t\t<h2><strong>Sayago<\/strong><\/h2><ul><li>Ariel 4907<\/li><li>Lunes a Viernes de 8:00 a 19:00<\/li><li>S\u00e1bado de 8:00 a 14:00<\/li><li>Venta de Boletos categor\u00edas A-B<\/li><li>Confecci\u00f3n de boleteras<\/li><li>Entrega de Boletos Gratis<\/li><\/ul>\t\t\t\t\t\t\t\t<\/div>\n\t\t\t\t<\/div>\n\t\t\t\t\t<\/div>\n\t\t<\/div>\n\t\t\t\t\t<\/div>\n\t\t<\/section>\n\t\t\t\t<\/div>\n\t\t","protected":false},"excerpt":{"rendered":"<p>LOCALES DE VENTA Oficinas de COETC 8 de octubre 3462 Lunes a Viernes de 8:00 a 18:15 S\u00e1bados de 8:00 a 13:15 Venta de Boletos categor\u00edas A-B Confecci\u00f3n de boleteras &#8230;<\/p>\n","protected":false},"author":1,"featured_media":0,"parent":0,"menu_order":0,"comment_status":"closed","ping_status":"closed","template":"elementor_header_footer","meta":{"footnotes":""},"class_list":["post-1582","page","type-page","status-publish","hentry"],"_links":{"self":[{"href":"https:\/\/www.ucot.com.uy\/index.php\/wp-json\/wp\/v2\/pages\/1582","targetHints":{"allow":["GET"]}}],"collection":[{"href":"https:\/\/www.ucot.com.uy\/index.php\/wp-json\/wp\/v2\/pages"}],"about":[{"href":"https:\/\/www.ucot.com.uy\/index.php\/wp-json\/wp\/v2\/types\/page"}],"author":[{"embeddable":true,"href":"https:\/\/www.ucot.com.uy\/index.php\/wp-json\/wp\/v2\/users\/1"}],"replies":[{"embeddable":true,"href":"https:\/\/www.ucot.com.uy\/index.php\/wp-json\/wp\/v2\/comments?post=1582"}],"version-history":[{"count":16,"href":"https:\/\/www.ucot.com.uy\/index.php\/wp-json\/wp\/v2\/pages\/1582\/revisions"}],"predecessor-version":[{"id":1833,"href":"https:\/\/www.ucot.com.uy\/index.php\/wp-json\/wp\/v2\/pages\/1582\/revisions\/1833"}],"wp:attachment":[{"href":"https:\/\/www.ucot.com.uy\/index.php\/wp-json\/wp\/v2\/media?parent=1582"}],"curies":[{"name":"wp","href":"https:\/\/api.w.org\/{rel}","templated":true}]}}