{"id":1644,"date":"2022-05-27T11:13:20","date_gmt":"2022-05-27T11:13:20","guid":{"rendered":"https:\/\/www.ucot.com.uy\/?page_id=1644"},"modified":"2022-06-03T13:54:00","modified_gmt":"2022-06-03T13:54:00","slug":"u-c-o-t","status":"publish","type":"page","link":"https:\/\/www.ucot.com.uy\/index.php\/u-c-o-t\/","title":{"rendered":"U.C.O.T"},"content":{"rendered":"\t\t<div data-elementor-type=\"wp-page\" data-elementor-id=\"1644\" class=\"elementor elementor-1644\">\n\t\t\t\t\t\t<section class=\"elementor-section elementor-top-section elementor-element elementor-element-bfd38f6 elementor-section-boxed elementor-section-height-default elementor-section-height-default\" data-id=\"bfd38f6\" data-element_type=\"section\" data-e-type=\"section\">\n\t\t\t\t\t\t<div class=\"elementor-container elementor-column-gap-default\">\n\t\t\t\t\t<div class=\"elementor-column elementor-col-100 elementor-top-column elementor-element elementor-element-3a0dbb0\" data-id=\"3a0dbb0\" data-element_type=\"column\" data-e-type=\"column\">\n\t\t\t<div class=\"elementor-widget-wrap elementor-element-populated\">\n\t\t\t\t\t\t<div class=\"elementor-element elementor-element-f0344ce elementor-widget elementor-widget-text-editor\" data-id=\"f0344ce\" data-element_type=\"widget\" data-e-type=\"widget\" data-widget_type=\"text-editor.default\">\n\t\t\t\t<div class=\"elementor-widget-container\">\n\t\t\t\t\t\t\t\t\t<p>Somos una empresa Cooperativa que ingres\u00f3 al sistema de transporte de Montevideo el 26 de febrero de 1963. Su integraci\u00f3n inicial fue de doscientos socios cooperativistas y unos pocos empleados, quienes comenzaron a funcionar con una flota de 50 \u00f3mnibus marca ACLO, para atender cuatro l\u00edneas urbanas; 300 &#8211; 306 &#8211; 329 &#8211; 330.<\/p><p>En el transcurso de a\u00f1o 1975, con la disoluci\u00f3n de la empresa de transporte municipal AMDET, la Cooperativa absorbe 362 trabajadores que los integra como socios, recibiendo a cambio 53 \u00f3mnibus marca LEYLAND y cuatro l\u00edneas para explotar de la empresa disuelta; 316 &#8211; 366 &#8211; 370 &#8211; 396.<\/p><p>De 1992 a 1995 se proces\u00f3 la renovaci\u00f3n de flota y a partir de esa fecha la empresa qued\u00f3 integrada totalmente por 117 \u00f3mnibus marca VOLVO, m\u00e1s cinco veh\u00edculos que componen la flota auxiliar.<\/p><p>En Enero de 2007 la Cooperativa estaba integrada por 534 socios cooperativos y veintiocho empleados, los cuales eran los responsables de brindar el servicio de ocho l\u00edneas urbanas regulares, 300 &#8211; 306 &#8211; 316 &#8211; 328 &#8211; 329 &#8211; 330 &#8211; 370 &#8211; 396, m\u00e1s una L\u00ednea Diferencial D2 y otra L\u00ednea Local L13.<\/p><p>A partir del 1\u00ba de Febrero del 2007 se concreta la fusi\u00f3n con la ex-Cooperativa C.U.T.U, pasando a partir de ese momento a contar con 627 socios y 159 unidades; extendiendo de este modo tambi\u00e9n sus servicios a los departamentos de Canelones y Florida.<\/p><p>A pesar de ser la empresa de menor volumen en el \u00e1rea urbana, U.C.O.T es la tercera empresa en venta de boletos de todo el mercado de Montevideo, captando casi el 10% de las personas que viajan en este medio de transporte.<\/p><p>U.C.O.T es propietaria de todos sus bienes inmuebles, donde funciona su Sede Administrativa y la Central de Servicios, que incluye su taller propio, que fue construido en el a\u00f1o 19940, sum\u00e1ndose adem\u00e1s luego de la fusi\u00f3n, talleres en las ciudades de Sauce y San Ram\u00f3n.<\/p><p>Tambi\u00e9n posee en propiedad un Hogar de Vacaciones en el Balneario \u00abEL PINAR\u00bb, donde todos los integrantes de la Cooperativa y sus respectivas familias desarrollan actividades sociales y de esparcimiento.<\/p>\t\t\t\t\t\t\t\t<\/div>\n\t\t\t\t<\/div>\n\t\t\t\t\t<\/div>\n\t\t<\/div>\n\t\t\t\t\t<\/div>\n\t\t<\/section>\n\t\t\t\t<section class=\"elementor-section elementor-top-section elementor-element elementor-element-f0a0c56 elementor-section-boxed elementor-section-height-default elementor-section-height-default\" data-id=\"f0a0c56\" data-element_type=\"section\" data-e-type=\"section\">\n\t\t\t\t\t\t<div class=\"elementor-container elementor-column-gap-default\">\n\t\t\t\t\t<div class=\"elementor-column elementor-col-100 elementor-top-column elementor-element elementor-element-b5de9cf\" data-id=\"b5de9cf\" data-element_type=\"column\" data-e-type=\"column\">\n\t\t\t<div class=\"elementor-widget-wrap elementor-element-populated\">\n\t\t\t\t\t\t<div class=\"elementor-element elementor-element-709b5d4 elementor-widget elementor-widget-heading\" data-id=\"709b5d4\" data-element_type=\"widget\" data-e-type=\"widget\" data-widget_type=\"heading.default\">\n\t\t\t\t<div class=\"elementor-widget-container\">\n\t\t\t\t\t<h2 class=\"elementor-heading-title elementor-size-default\"><b><u>U.C.O.T Inter<\/u><\/b><\/h2>\t\t\t\t<\/div>\n\t\t\t\t<\/div>\n\t\t\t\t<div class=\"elementor-element elementor-element-ff9a197 elementor-widget elementor-widget-text-editor\" data-id=\"ff9a197\" data-element_type=\"widget\" data-e-type=\"widget\" data-widget_type=\"text-editor.default\">\n\t\t\t\t<div class=\"elementor-widget-container\">\n\t\t\t\t\t\t\t\t\t<p>El 1\u00ba de Diciembre de 1968, tras casi un a\u00f1o de negociaciones, nace la Cooperativa Uni\u00f3n de Transporte del Uruguay, C.U.T.U.<\/p><p>Hasta ese entonces la ruta 6 que una Chamizo con Montevideo, era transitada por la blanqui-roja l\u00ednea de \u00f3mnibus de la empresa C.U.T.U.S.A. Empresa que decidi\u00f3 poner a la venta dicha l\u00ednea, por el a\u00f1o 1967.<\/p><p>C.U.T.U estaba formado en ese entonces por 60 personas, empleados de C.U.T.U.S.A y cooperativistas.<\/p><p>Empezar no fue nada f\u00e1cil, puesto que la flota, compuesta en su mayor\u00eda por unidades Super Aclos, estaba en muy mal estado, tanto as\u00ed, que se recuerda anecd\u00f3ticamente que en algunas unidades, cuando llov\u00eda, los pasajeros deb\u00edan viajar con el paraguas abierto, ya que las goteras, hac\u00edan que lloviera dentro del \u00f3mnibus.<\/p><p>Adem\u00e1s, se sumaba el estado poco transitable de la ruta, provocando en ocasiones, pinchaduras en los neum\u00e1ticos hasta dos veces en el mismo recorrido.<\/p><p>Los a\u00f1os transcurrieron, y gracias al apoyo de nuestros usuarios y al gran esfuerzo de cooperativas y empelados, C.U.T.U creci\u00f3, logrando grandes mejoras no solo en su flota, sino tambi\u00e9n en la calidad de los servicios brindados.<\/p><p>El 1\u00ba de Febrero de 2007 las cooperativas U.C.O.T y C.U.T.U iniciaron un nuevo camino juntas. Esto implic\u00f3 un nuevo desaf\u00edo, pero hoy tenemos la certeza de que la uni\u00f3n de los trabajadores vigoriza el sistema cooperativo y fortalece nuestra fuente laboral.<\/p><p>Por lo tanto, con trabajadores que conocen de sacrificio hemos formado una gran Cooperativa con verdadera vocaci\u00f3n de servicio, para ofreces a los vecinos de Montevideo y de la gran zona perimetral de Canelones y Florida, un transporte adecuado, m\u00e1s \u00e1gil, m\u00e1s confortable y m\u00e1s econ\u00f3mico.<\/p>\t\t\t\t\t\t\t\t<\/div>\n\t\t\t\t<\/div>\n\t\t\t\t\t<\/div>\n\t\t<\/div>\n\t\t\t\t\t<\/div>\n\t\t<\/section>\n\t\t\t\t<section class=\"elementor-section elementor-top-section elementor-element elementor-element-9b642c9 elementor-section-boxed elementor-section-height-default elementor-section-height-default\" data-id=\"9b642c9\" data-element_type=\"section\" data-e-type=\"section\">\n\t\t\t\t\t\t<div class=\"elementor-container elementor-column-gap-default\">\n\t\t\t\t\t<div class=\"elementor-column elementor-col-100 elementor-top-column elementor-element elementor-element-8a21e41\" data-id=\"8a21e41\" data-element_type=\"column\" data-e-type=\"column\">\n\t\t\t<div class=\"elementor-widget-wrap elementor-element-populated\">\n\t\t\t\t\t\t<div class=\"elementor-element elementor-element-2721246 elementor-widget elementor-widget-image\" data-id=\"2721246\" data-element_type=\"widget\" data-e-type=\"widget\" data-widget_type=\"image.default\">\n\t\t\t\t<div class=\"elementor-widget-container\">\n\t\t\t\t\t\t\t\t\t\t\t\t\t\t\t<img fetchpriority=\"high\" decoding=\"async\" width=\"800\" height=\"352\" src=\"https:\/\/www.ucot.com.uy\/wp-content\/uploads\/2022\/05\/UCOT_fdf03c2ad73f587cafda97e76d194710-6-1024x451.jpg\" class=\"attachment-large size-large wp-image-1508\" alt=\"\" srcset=\"https:\/\/www.ucot.com.uy\/wp-content\/uploads\/2022\/05\/UCOT_fdf03c2ad73f587cafda97e76d194710-6-1024x451.jpg 1024w, https:\/\/www.ucot.com.uy\/wp-content\/uploads\/2022\/05\/UCOT_fdf03c2ad73f587cafda97e76d194710-6-300x132.jpg 300w, https:\/\/www.ucot.com.uy\/wp-content\/uploads\/2022\/05\/UCOT_fdf03c2ad73f587cafda97e76d194710-6-768x338.jpg 768w, https:\/\/www.ucot.com.uy\/wp-content\/uploads\/2022\/05\/UCOT_fdf03c2ad73f587cafda97e76d194710-6-1536x676.jpg 1536w, https:\/\/www.ucot.com.uy\/wp-content\/uploads\/2022\/05\/UCOT_fdf03c2ad73f587cafda97e76d194710-6.jpg 1800w\" sizes=\"(max-width: 800px) 100vw, 800px\" \/>\t\t\t\t\t\t\t\t\t\t\t\t\t\t\t<\/div>\n\t\t\t\t<\/div>\n\t\t\t\t\t<\/div>\n\t\t<\/div>\n\t\t\t\t\t<\/div>\n\t\t<\/section>\n\t\t\t\t<\/div>\n\t\t","protected":false},"excerpt":{"rendered":"<p>Somos una empresa Cooperativa que ingres\u00f3 al sistema de transporte de Montevideo el 26 de febrero de 1963. Su integraci\u00f3n inicial fue de doscientos socios cooperativistas y unos pocos empleados, &#8230;<\/p>\n","protected":false},"author":1,"featured_media":0,"parent":0,"menu_order":0,"comment_status":"closed","ping_status":"closed","template":"elementor_header_footer","meta":{"footnotes":""},"class_list":["post-1644","page","type-page","status-publish","hentry"],"_links":{"self":[{"href":"https:\/\/www.ucot.com.uy\/index.php\/wp-json\/wp\/v2\/pages\/1644","targetHints":{"allow":["GET"]}}],"collection":[{"href":"https:\/\/www.ucot.com.uy\/index.php\/wp-json\/wp\/v2\/pages"}],"about":[{"href":"https:\/\/www.ucot.com.uy\/index.php\/wp-json\/wp\/v2\/types\/page"}],"author":[{"embeddable":true,"href":"https:\/\/www.ucot.com.uy\/index.php\/wp-json\/wp\/v2\/users\/1"}],"replies":[{"embeddable":true,"href":"https:\/\/www.ucot.com.uy\/index.php\/wp-json\/wp\/v2\/comments?post=1644"}],"version-history":[{"count":16,"href":"https:\/\/www.ucot.com.uy\/index.php\/wp-json\/wp\/v2\/pages\/1644\/revisions"}],"predecessor-version":[{"id":1953,"href":"https:\/\/www.ucot.com.uy\/index.php\/wp-json\/wp\/v2\/pages\/1644\/revisions\/1953"}],"wp:attachment":[{"href":"https:\/\/www.ucot.com.uy\/index.php\/wp-json\/wp\/v2\/media?parent=1644"}],"curies":[{"name":"wp","href":"https:\/\/api.w.org\/{rel}","templated":true}]}}