{"id":1792,"date":"2022-05-27T14:03:20","date_gmt":"2022-05-27T14:03:20","guid":{"rendered":"https:\/\/www.ucot.com.uy\/?page_id=1792"},"modified":"2025-03-05T12:22:33","modified_gmt":"2025-03-05T12:22:33","slug":"autoridades","status":"publish","type":"page","link":"https:\/\/www.ucot.com.uy\/index.php\/autoridades\/","title":{"rendered":"Autoridades"},"content":{"rendered":"\t\t<div data-elementor-type=\"wp-page\" data-elementor-id=\"1792\" class=\"elementor elementor-1792\">\n\t\t\t\t\t\t<section class=\"elementor-section elementor-top-section elementor-element elementor-element-704c2c5 elementor-section-boxed elementor-section-height-default elementor-section-height-default\" data-id=\"704c2c5\" data-element_type=\"section\" data-e-type=\"section\">\n\t\t\t\t\t\t<div class=\"elementor-container elementor-column-gap-default\">\n\t\t\t\t\t<div class=\"elementor-column elementor-col-100 elementor-top-column elementor-element elementor-element-29f3335\" data-id=\"29f3335\" data-element_type=\"column\" data-e-type=\"column\">\n\t\t\t<div class=\"elementor-widget-wrap elementor-element-populated\">\n\t\t\t\t\t\t<div class=\"elementor-element elementor-element-ef21cb6 elementor-widget elementor-widget-heading\" data-id=\"ef21cb6\" data-element_type=\"widget\" data-e-type=\"widget\" data-widget_type=\"heading.default\">\n\t\t\t\t<div class=\"elementor-widget-container\">\n\t\t\t\t\t<h2 class=\"elementor-heading-title elementor-size-default\">AUTORIDADES<\/h2>\t\t\t\t<\/div>\n\t\t\t\t<\/div>\n\t\t\t\t\t<\/div>\n\t\t<\/div>\n\t\t\t\t\t<\/div>\n\t\t<\/section>\n\t\t\t\t<section class=\"elementor-section elementor-top-section elementor-element elementor-element-a0f5aa5 elementor-section-boxed elementor-section-height-default elementor-section-height-default\" data-id=\"a0f5aa5\" data-element_type=\"section\" data-e-type=\"section\">\n\t\t\t\t\t\t<div class=\"elementor-container elementor-column-gap-default\">\n\t\t\t\t\t<div class=\"elementor-column elementor-col-100 elementor-top-column elementor-element elementor-element-ab14d48\" data-id=\"ab14d48\" data-element_type=\"column\" data-e-type=\"column\">\n\t\t\t<div class=\"elementor-widget-wrap elementor-element-populated\">\n\t\t\t\t\t\t<div class=\"elementor-element elementor-element-995a072 elementor-widget elementor-widget-text-editor\" data-id=\"995a072\" data-element_type=\"widget\" data-e-type=\"widget\" data-widget_type=\"text-editor.default\">\n\t\t\t\t<div class=\"elementor-widget-container\">\n\t\t\t\t\t\t\t\t\t<p>\u00a0<\/p><p>Los Estatutos Sociales rigen el funcionamiento de la Empresa y la m\u00e1xima autoridad de la Cooperativa es la ASAMBLEA GENERAL de SOCIOS. El sistema de elecciones se encuadra dentro de los m\u00e1s democr\u00e1ticos del mundo. Se elige en forma individual por padr\u00f3n, no por lista, pudi\u00e9ndose escoger libremente cada nombre del Padr\u00f3n Electoral. El socio con mayor cantidad de votos es el Presidente y los restantes cargos tambi\u00e9n se adjudican directamente por los votos obtenidos.<\/p>\t\t\t\t\t\t\t\t<\/div>\n\t\t\t\t<\/div>\n\t\t\t\t\t<\/div>\n\t\t<\/div>\n\t\t\t\t\t<\/div>\n\t\t<\/section>\n\t\t\t\t<section class=\"elementor-section elementor-top-section elementor-element elementor-element-5880a56 elementor-section-boxed elementor-section-height-default elementor-section-height-default\" data-id=\"5880a56\" data-element_type=\"section\" data-e-type=\"section\">\n\t\t\t\t\t\t<div class=\"elementor-container elementor-column-gap-default\">\n\t\t\t\t\t<div class=\"elementor-column elementor-col-50 elementor-top-column elementor-element elementor-element-b4f938b\" data-id=\"b4f938b\" data-element_type=\"column\" data-e-type=\"column\">\n\t\t\t<div class=\"elementor-widget-wrap elementor-element-populated\">\n\t\t\t\t\t\t<div class=\"elementor-element elementor-element-8fe7b3f elementor-widget elementor-widget-text-editor\" data-id=\"8fe7b3f\" data-element_type=\"widget\" data-e-type=\"widget\" data-widget_type=\"text-editor.default\">\n\t\t\t\t<div class=\"elementor-widget-container\">\n\t\t\t\t\t\t\t\t\t<h2><strong>Consejo Directivo<\/strong><\/h2><ul><li><strong>Presidente:<\/strong> Claudio Donsion<\/li><li><strong>Secretario General:<\/strong> Fernando Chittara<\/li><li><strong>Tesorero:<\/strong> Pablo Grasso<\/li><li><strong>Vicepresidente:<\/strong>\u00a0Carlos Guti\u00e9rrez<\/li><li><strong>Vocal:<\/strong> Miguel Mozejko<\/li><\/ul><h2><strong>Comisi\u00f3n Fiscal<\/strong><\/h2><ul><li><strong>Presidente:<\/strong>\u00a0Diego Baez<\/li><li><strong>Secretario:<\/strong> Esteban Alvarez<\/li><li><strong>Vocal:<\/strong> Andrea Acosta<\/li><\/ul><h2><strong>Tr\u00e1nsito<\/strong><\/h2><ul><li><strong>Jefe de Tr\u00e1nsito:<\/strong> \u00c1ngel Fusco<\/li><\/ul>\t\t\t\t\t\t\t\t<\/div>\n\t\t\t\t<\/div>\n\t\t\t\t\t<\/div>\n\t\t<\/div>\n\t\t\t\t<div class=\"elementor-column elementor-col-50 elementor-top-column elementor-element elementor-element-bc8334a\" data-id=\"bc8334a\" data-element_type=\"column\" data-e-type=\"column\">\n\t\t\t<div class=\"elementor-widget-wrap elementor-element-populated\">\n\t\t\t\t\t\t<div class=\"elementor-element elementor-element-60c6a18 elementor-widget elementor-widget-text-editor\" data-id=\"60c6a18\" data-element_type=\"widget\" data-e-type=\"widget\" data-widget_type=\"text-editor.default\">\n\t\t\t\t<div class=\"elementor-widget-container\">\n\t\t\t\t\t\t\t\t\t<h2><strong>Administraci\u00f3n<\/strong><\/h2>\n<ul>\n<li><strong>Jefe de Administraci\u00f3n:<\/strong> Cr. Flavio L\u00f3pez<\/li>\n<li><strong>Secretaria Administrativa:<\/strong>&nbsp;Jorge Varela<\/li>\n<\/ul>\n<h2><strong>Asesor\u00eda Contable<\/strong><\/h2>\n<ul>\n<li>Cr. Hugo D\u00edaz<\/li>\n<\/ul>\n<h2><strong>Asesor\u00eda Jur\u00eddica<\/strong><\/h2>\n<ul>\n<li>Dra. Silvia Uruzabal<\/li>\n<li>Dra. Laura Leon<\/li>\n<\/ul>\n<h2><strong>Talleres<\/strong><\/h2>\n<ul>\n<li><strong>Jefe de Talleres:<\/strong> Enrique Garabato<\/li>\n<\/ul>\t\t\t\t\t\t\t\t<\/div>\n\t\t\t\t<\/div>\n\t\t\t\t\t<\/div>\n\t\t<\/div>\n\t\t\t\t\t<\/div>\n\t\t<\/section>\n\t\t\t\t<\/div>\n\t\t","protected":false},"excerpt":{"rendered":"<p>AUTORIDADES \u00a0 Los Estatutos Sociales rigen el funcionamiento de la Empresa y la m\u00e1xima autoridad de la Cooperativa es la ASAMBLEA GENERAL de SOCIOS. El sistema de elecciones se encuadra &#8230;<\/p>\n","protected":false},"author":1,"featured_media":0,"parent":0,"menu_order":0,"comment_status":"closed","ping_status":"closed","template":"elementor_header_footer","meta":{"footnotes":""},"class_list":["post-1792","page","type-page","status-publish","hentry"],"_links":{"self":[{"href":"https:\/\/www.ucot.com.uy\/index.php\/wp-json\/wp\/v2\/pages\/1792","targetHints":{"allow":["GET"]}}],"collection":[{"href":"https:\/\/www.ucot.com.uy\/index.php\/wp-json\/wp\/v2\/pages"}],"about":[{"href":"https:\/\/www.ucot.com.uy\/index.php\/wp-json\/wp\/v2\/types\/page"}],"author":[{"embeddable":true,"href":"https:\/\/www.ucot.com.uy\/index.php\/wp-json\/wp\/v2\/users\/1"}],"replies":[{"embeddable":true,"href":"https:\/\/www.ucot.com.uy\/index.php\/wp-json\/wp\/v2\/comments?post=1792"}],"version-history":[{"count":16,"href":"https:\/\/www.ucot.com.uy\/index.php\/wp-json\/wp\/v2\/pages\/1792\/revisions"}],"predecessor-version":[{"id":2263,"href":"https:\/\/www.ucot.com.uy\/index.php\/wp-json\/wp\/v2\/pages\/1792\/revisions\/2263"}],"wp:attachment":[{"href":"https:\/\/www.ucot.com.uy\/index.php\/wp-json\/wp\/v2\/media?parent=1792"}],"curies":[{"name":"wp","href":"https:\/\/api.w.org\/{rel}","templated":true}]}}