{"id":1914,"date":"2022-05-30T13:50:44","date_gmt":"2022-05-30T13:50:44","guid":{"rendered":"https:\/\/www.ucot.com.uy\/?page_id=1914"},"modified":"2022-05-30T14:22:09","modified_gmt":"2022-05-30T14:22:09","slug":"telefonos-y-direcciones","status":"publish","type":"page","link":"https:\/\/www.ucot.com.uy\/index.php\/telefonos-y-direcciones\/","title":{"rendered":"Tel\u00e9fonos y direcciones"},"content":{"rendered":"\t\t<div data-elementor-type=\"wp-page\" data-elementor-id=\"1914\" class=\"elementor elementor-1914\">\n\t\t\t\t\t\t<section class=\"elementor-section elementor-top-section elementor-element elementor-element-a48902a elementor-section-boxed elementor-section-height-default elementor-section-height-default\" data-id=\"a48902a\" data-element_type=\"section\" data-e-type=\"section\">\n\t\t\t\t\t\t<div class=\"elementor-container elementor-column-gap-default\">\n\t\t\t\t\t<div class=\"elementor-column elementor-col-100 elementor-top-column elementor-element elementor-element-7877fbd\" data-id=\"7877fbd\" data-element_type=\"column\" data-e-type=\"column\">\n\t\t\t<div class=\"elementor-widget-wrap elementor-element-populated\">\n\t\t\t\t\t\t<div class=\"elementor-element elementor-element-269179f elementor-widget elementor-widget-heading\" data-id=\"269179f\" data-element_type=\"widget\" data-e-type=\"widget\" data-widget_type=\"heading.default\">\n\t\t\t\t<div class=\"elementor-widget-container\">\n\t\t\t\t\t<h2 class=\"elementor-heading-title elementor-size-default\">TEL\u00c9FONOS Y DIRECCIONES<\/h2>\t\t\t\t<\/div>\n\t\t\t\t<\/div>\n\t\t\t\t\t<\/div>\n\t\t<\/div>\n\t\t\t\t\t<\/div>\n\t\t<\/section>\n\t\t\t\t<section class=\"elementor-section elementor-top-section elementor-element elementor-element-7c1698c elementor-section-boxed elementor-section-height-default elementor-section-height-default\" data-id=\"7c1698c\" data-element_type=\"section\" data-e-type=\"section\">\n\t\t\t\t\t\t<div class=\"elementor-container elementor-column-gap-default\">\n\t\t\t\t\t<div class=\"elementor-column elementor-col-50 elementor-top-column elementor-element elementor-element-437439c\" data-id=\"437439c\" data-element_type=\"column\" data-e-type=\"column\">\n\t\t\t<div class=\"elementor-widget-wrap elementor-element-populated\">\n\t\t\t\t\t\t<div class=\"elementor-element elementor-element-bdf19bf elementor-widget elementor-widget-text-editor\" data-id=\"bdf19bf\" data-element_type=\"widget\" data-e-type=\"widget\" data-widget_type=\"text-editor.default\">\n\t\t\t\t<div class=\"elementor-widget-container\">\n\t\t\t\t\t\t\t\t\t<p>\u00a0<\/p><h2><strong>Administraci\u00f3n<\/strong><\/h2><ul><li><strong>Direcci\u00f3n:<\/strong> Jos\u00e9 A. Cabrera 4330<\/li><li><strong>C\u00f3digo Postal:<\/strong> 12000<\/li><li><strong>Tel\u00e9fono:<\/strong> 2508 12 24<\/li><li><strong>Fax:<\/strong> 2508 17 00<\/li><li><strong>Correo:<\/strong> info@ucot.net<\/li><\/ul><h2><strong>Comisi\u00f3n de compras<\/strong><\/h2><ul><li><strong>Tel\u00e9fono:<\/strong> 2508 12 24\u00a0 int. 117<\/li><li><strong>Fax:<\/strong> 2509 25 41<\/li><li><strong>Correo:<\/strong> compras@ucot.net<\/li><\/ul><h2><strong>Atenci\u00f3n al cliente<\/strong><\/h2><ul><li><strong>Tel\u00e9fonos:<\/strong> 2508 00 03, 2508 12 24 int. 114<\/li><li><strong>Fax:<\/strong> 2509 25 41<\/li><li><strong>Correo:<\/strong> atencionalcliente@ucot.net<\/li><\/ul><h2><strong>Agencia Montevideo<\/strong><\/h2><ul><li><strong>Direcci\u00f3n:<\/strong> Rio Branco y Galicia locales 11 y 12<\/li><li><strong>Tel\/Fax:<\/strong> 2902 50 87<\/li><li><strong>Venta de abonos y despacho de encomiendas<\/strong><\/li><\/ul><h2><strong>Venta de Abonos<\/strong><\/h2><ul><li><strong>Toledo:<\/strong> Supermercado Gandini<\/li><\/ul>\t\t\t\t\t\t\t\t<\/div>\n\t\t\t\t<\/div>\n\t\t\t\t\t<\/div>\n\t\t<\/div>\n\t\t\t\t<div class=\"elementor-column elementor-col-50 elementor-top-column elementor-element elementor-element-7d06108\" data-id=\"7d06108\" data-element_type=\"column\" data-e-type=\"column\">\n\t\t\t<div class=\"elementor-widget-wrap elementor-element-populated\">\n\t\t\t\t\t\t<div class=\"elementor-element elementor-element-197f6c4 elementor-widget elementor-widget-text-editor\" data-id=\"197f6c4\" data-element_type=\"widget\" data-e-type=\"widget\" data-widget_type=\"text-editor.default\">\n\t\t\t\t<div class=\"elementor-widget-container\">\n\t\t\t\t\t\t\t\t\t<p>\u00a0<\/p><h2><strong>Departamento de Tr\u00e1nsito<\/strong><\/h2><ul><li><strong>Direcci\u00f3n:<\/strong> Jos\u00e9 A. Cabrera 4340<\/li><li><strong>C\u00f3digo Postal:<\/strong> 12100<\/li><li><strong>Tel\u00e9fonos:<\/strong> 2506 23 12, 2506 27 80<\/li><li><strong>Fax:<\/strong> 2506 36 11<\/li><li><strong>Correo:<\/strong> transito@ucot.net<\/li><\/ul><h2><strong>Talleres<\/strong><\/h2><ul><li><strong>Direcci\u00f3n:<\/strong> Ram\u00f3n Castriz 2415<\/li><li><strong>C\u00f3digo Postal:<\/strong> 12100<\/li><li><strong>Fax:<\/strong> 2507 91 61<\/li><li><strong>Correo:<\/strong> taller@ucot.net<\/li><\/ul><h2><strong>Hogar vacacional<\/strong><\/h2><ul><li><strong>Direcci\u00f3n:<\/strong> Avda. Perez\u00a0 Butler y Rivera (El Pinar)<\/li><li><strong>Tel\u00e9fono:<\/strong> 698 40 94<\/li><\/ul><h2><strong>Agencias de Canelones<\/strong><\/h2><ul><li><strong>San Ram\u00f3n:<\/strong> (4312) 2624<\/li><\/ul><h2><strong>Oficinas de Canelones<\/strong><\/h2><ul><li><strong>Terminal Sauce:<\/strong> 2 29 40 231<\/li><li><strong>Tr\u00e1nsito Sauce:<\/strong> 2 29 42 293<\/li><li><strong>Taller San Ram\u00f3n:<\/strong> (4312) 3531<\/li><\/ul><p>\u00a0<\/p>\t\t\t\t\t\t\t\t<\/div>\n\t\t\t\t<\/div>\n\t\t\t\t\t<\/div>\n\t\t<\/div>\n\t\t\t\t\t<\/div>\n\t\t<\/section>\n\t\t\t\t<\/div>\n\t\t","protected":false},"excerpt":{"rendered":"<p>TEL\u00c9FONOS Y DIRECCIONES \u00a0 Administraci\u00f3n Direcci\u00f3n: Jos\u00e9 A. Cabrera 4330 C\u00f3digo Postal: 12000 Tel\u00e9fono: 2508 12 24 Fax: 2508 17 00 Correo: info@ucot.net Comisi\u00f3n de compras Tel\u00e9fono: 2508 12 24\u00a0 &#8230;<\/p>\n","protected":false},"author":1,"featured_media":0,"parent":0,"menu_order":0,"comment_status":"closed","ping_status":"closed","template":"elementor_header_footer","meta":{"footnotes":""},"class_list":["post-1914","page","type-page","status-publish","hentry"],"_links":{"self":[{"href":"https:\/\/www.ucot.com.uy\/index.php\/wp-json\/wp\/v2\/pages\/1914","targetHints":{"allow":["GET"]}}],"collection":[{"href":"https:\/\/www.ucot.com.uy\/index.php\/wp-json\/wp\/v2\/pages"}],"about":[{"href":"https:\/\/www.ucot.com.uy\/index.php\/wp-json\/wp\/v2\/types\/page"}],"author":[{"embeddable":true,"href":"https:\/\/www.ucot.com.uy\/index.php\/wp-json\/wp\/v2\/users\/1"}],"replies":[{"embeddable":true,"href":"https:\/\/www.ucot.com.uy\/index.php\/wp-json\/wp\/v2\/comments?post=1914"}],"version-history":[{"count":10,"href":"https:\/\/www.ucot.com.uy\/index.php\/wp-json\/wp\/v2\/pages\/1914\/revisions"}],"predecessor-version":[{"id":1924,"href":"https:\/\/www.ucot.com.uy\/index.php\/wp-json\/wp\/v2\/pages\/1914\/revisions\/1924"}],"wp:attachment":[{"href":"https:\/\/www.ucot.com.uy\/index.php\/wp-json\/wp\/v2\/media?parent=1914"}],"curies":[{"name":"wp","href":"https:\/\/api.w.org\/{rel}","templated":true}]}}