{"id":75,"date":"2022-05-20T16:28:04","date_gmt":"2022-05-20T16:28:04","guid":{"rendered":"https:\/\/www.ucot.com.uy\/?page_id=75"},"modified":"2025-03-05T12:23:33","modified_gmt":"2025-03-05T12:23:33","slug":"informacion","status":"publish","type":"page","link":"https:\/\/www.ucot.com.uy\/index.php\/informacion\/","title":{"rendered":"Informaci\u00f3n"},"content":{"rendered":"\t\t<div data-elementor-type=\"wp-page\" data-elementor-id=\"75\" class=\"elementor elementor-75\">\n\t\t\t\t\t\t<section class=\"elementor-section elementor-top-section elementor-element elementor-element-6c041b4 elementor-section-boxed elementor-section-height-default elementor-section-height-default\" data-id=\"6c041b4\" data-element_type=\"section\" data-e-type=\"section\">\n\t\t\t\t\t\t<div class=\"elementor-container elementor-column-gap-default\">\n\t\t\t\t\t<div class=\"elementor-column elementor-col-100 elementor-top-column elementor-element elementor-element-6d455aa\" data-id=\"6d455aa\" data-element_type=\"column\" data-e-type=\"column\">\n\t\t\t<div class=\"elementor-widget-wrap elementor-element-populated\">\n\t\t\t\t\t\t<div class=\"elementor-element elementor-element-a813bb0 elementor-widget elementor-widget-heading\" data-id=\"a813bb0\" data-element_type=\"widget\" data-e-type=\"widget\" data-widget_type=\"heading.default\">\n\t\t\t\t<div class=\"elementor-widget-container\">\n\t\t\t\t\t<h2 class=\"elementor-heading-title elementor-size-default\">INFORMACI\u00d3N<\/h2>\t\t\t\t<\/div>\n\t\t\t\t<\/div>\n\t\t\t\t<div class=\"elementor-element elementor-element-c55938f elementor-widget elementor-widget-text-editor\" data-id=\"c55938f\" data-element_type=\"widget\" data-e-type=\"widget\" data-widget_type=\"text-editor.default\">\n\t\t\t\t<div class=\"elementor-widget-container\">\n\t\t\t\t\t\t\t\t\t<p>\u00a0<\/p><p><span style=\"color: var( --e-global-color-text ); font-family: var( --e-global-typography-text-font-family ), Sans-serif; font-weight: var( --e-global-typography-text-font-weight ); font-size: 0.875rem;\">Informaci\u00f3n detallada sobre la cooperativa, sus autoridades, como se compone, como encontrarla, adem\u00e1s de tel\u00e9fonos y direcciones de todas las localidades de UCOT. Tambi\u00e9n contiene informaci\u00f3n general sobre boletos, gratuidad y servicios que UCOT provee.<\/span><\/p>\t\t\t\t\t\t\t\t<\/div>\n\t\t\t\t<\/div>\n\t\t\t\t<div class=\"elementor-element elementor-element-4c31402 elementor-widget elementor-widget-text-editor\" data-id=\"4c31402\" data-element_type=\"widget\" data-e-type=\"widget\" data-widget_type=\"text-editor.default\">\n\t\t\t\t<div class=\"elementor-widget-container\">\n\t\t\t\t\t\t\t\t\t<p>\u27a4 <span style=\"text-decoration: underline;\"><strong><a href=\"https:\/\/www.ucot.com.uy\/index.php\/excursiones\/\">Excursiones<\/a><\/strong><\/span>: Contrataci\u00f3n para servicio de excursi\u00f3n, complete el formulario y el departamento de transito de UCOT se comunicar\u00e1 con usted para concretar el servicio solicitado.<\/p>\n<p>\u27a4 <span style=\"text-decoration: underline;\"><strong><a href=\"https:\/\/www.ucot.com.uy\/index.php\/gratuidad-en-el-transporte-urbano\/\">Gratuidad en el transporte Urbano:<\/a><\/strong><\/span> Reglamento de boletos gratuitos de menores, escolares, adultos, personal docente, personal policial y funcionarios de M.T.O.P para todo el transporte urbano.<\/p>\n<p>\u27a4 <span style=\"text-decoration: underline;\"><strong><a href=\"https:\/\/www.ucot.com.uy\/index.php\/gratuidad-en-el-trasporte-sub-urbano\/\">Gratuidad en el transporte Sub-urbano:<\/a><\/strong><\/span> Reglamento de boletos gratuitos de menores, escolares, adultos, personal docente, personal policial y funcionarios de M.T.O.P para todo el transporte sub-urbano.<\/p>\n<p>\u27a4 <a href=\"https:\/\/www.ucot.com.uy\/index.php\/locales-de-venta\/\"><b><u>Locales de venta:<\/u><\/b><\/a>&nbsp; Horarios y direcciones de locales de venta de boletos.<\/p>\n<p>\u27a4 <a href=\"https:\/\/www.ucot.com.uy\/index.php\/boletos\/\"><span style=\"text-decoration: underline;\"><strong>Boletos:<\/strong><\/span><\/a> Tipos de boletos en vigencia, con informaci\u00f3n detallada sobre ellos.<\/p>\n<p>\u27a4 <span style=\"text-decoration: underline;\"><strong><a href=\"https:\/\/www.ucot.com.uy\/index.php\/autoridades\/\">Autoridades:<\/a><\/strong><\/span> Los Estatutos Sociales rigen el funcionamiento de la Empresa y la m\u00e1xima autoridad de la Cooperativa es la ASAMBLEA GENERAL de SOCIOS<span style=\"font-family: var( --e-global-typography-text-font-family ), Sans-serif; font-weight: var( --e-global-typography-text-font-weight ); font-size: 0.875rem;\">.<\/span><\/p>\n<p>\u27a4 <span style=\"text-decoration: underline;\"><strong><a href=\"https:\/\/www.ucot.com.uy\/index.php\/informacion-general\/\">Informaci\u00f3n general:<\/a><\/strong><\/span> Informaci\u00f3n sobre disposiciones municipales, derechos y obligaciones a la hora de viajar en el transporte de pasajeros<\/p>\t\t\t\t\t\t\t\t<\/div>\n\t\t\t\t<\/div>\n\t\t\t\t\t<\/div>\n\t\t<\/div>\n\t\t\t\t\t<\/div>\n\t\t<\/section>\n\t\t\t\t<\/div>\n\t\t","protected":false},"excerpt":{"rendered":"<p>INFORMACI\u00d3N \u00a0 Informaci\u00f3n detallada sobre la cooperativa, sus autoridades, como se compone, como encontrarla, adem\u00e1s de tel\u00e9fonos y direcciones de todas las localidades de UCOT. Tambi\u00e9n contiene informaci\u00f3n general sobre &#8230;<\/p>\n","protected":false},"author":1,"featured_media":0,"parent":0,"menu_order":1,"comment_status":"closed","ping_status":"closed","template":"elementor_header_footer","meta":{"footnotes":""},"class_list":["post-75","page","type-page","status-publish","hentry"],"_links":{"self":[{"href":"https:\/\/www.ucot.com.uy\/index.php\/wp-json\/wp\/v2\/pages\/75","targetHints":{"allow":["GET"]}}],"collection":[{"href":"https:\/\/www.ucot.com.uy\/index.php\/wp-json\/wp\/v2\/pages"}],"about":[{"href":"https:\/\/www.ucot.com.uy\/index.php\/wp-json\/wp\/v2\/types\/page"}],"author":[{"embeddable":true,"href":"https:\/\/www.ucot.com.uy\/index.php\/wp-json\/wp\/v2\/users\/1"}],"replies":[{"embeddable":true,"href":"https:\/\/www.ucot.com.uy\/index.php\/wp-json\/wp\/v2\/comments?post=75"}],"version-history":[{"count":144,"href":"https:\/\/www.ucot.com.uy\/index.php\/wp-json\/wp\/v2\/pages\/75\/revisions"}],"predecessor-version":[{"id":2266,"href":"https:\/\/www.ucot.com.uy\/index.php\/wp-json\/wp\/v2\/pages\/75\/revisions\/2266"}],"wp:attachment":[{"href":"https:\/\/www.ucot.com.uy\/index.php\/wp-json\/wp\/v2\/media?parent=75"}],"curies":[{"name":"wp","href":"https:\/\/api.w.org\/{rel}","templated":true}]}}